{"id":10922,"date":"2025-07-21T15:11:55","date_gmt":"2025-07-21T12:11:55","guid":{"rendered":"https:\/\/avkc.lt\/?page_id=10922"},"modified":"2025-07-21T15:14:19","modified_gmt":"2025-07-21T12:14:19","slug":"personal-data-processing-policy","status":"publish","type":"page","link":"https:\/\/avkc.lt\/en\/personal-data-processing-policy\/","title":{"rendered":"Personal data processing policy"},"content":{"rendered":"<div data-elementor-type=\"wp-page\" data-elementor-id=\"10922\" class=\"elementor elementor-10922\">\n\t\t\t\t\t\t<section class=\"elementor-section elementor-top-section elementor-element elementor-element-3e8f1b3c elementor-section-boxed elementor-section-height-default elementor-section-height-default\" data-id=\"3e8f1b3c\" data-element_type=\"section\" data-settings=\"{&quot;_ha_eqh_enable&quot;:false}\">\n\t\t\t\t\t\t<div class=\"elementor-container elementor-column-gap-default\">\n\t\t\t\t\t<div class=\"elementor-column elementor-col-100 elementor-top-column elementor-element elementor-element-77de6273\" data-id=\"77de6273\" data-element_type=\"column\">\n\t\t\t<div class=\"elementor-widget-wrap elementor-element-populated\">\n\t\t\t\t\t\t<div class=\"elementor-element elementor-element-3e56e566 elementor-widget elementor-widget-text-editor\" data-id=\"3e56e566\" data-element_type=\"widget\" data-widget_type=\"text-editor.default\">\n\t\t\t\t<div class=\"elementor-widget-container\">\n\t\t\t<style>\/*! elementor - v3.21.0 - 30-04-2024 *\/\n.elementor-widget-text-editor.elementor-drop-cap-view-stacked .elementor-drop-cap{background-color:#69727d;color:#fff}.elementor-widget-text-editor.elementor-drop-cap-view-framed .elementor-drop-cap{color:#69727d;border:3px solid;background-color:transparent}.elementor-widget-text-editor:not(.elementor-drop-cap-view-default) .elementor-drop-cap{margin-top:8px}.elementor-widget-text-editor:not(.elementor-drop-cap-view-default) .elementor-drop-cap-letter{width:1em;height:1em}.elementor-widget-text-editor .elementor-drop-cap{float:left;text-align:center;line-height:1;font-size:50px}.elementor-widget-text-editor .elementor-drop-cap-letter{display:inline-block}<\/style>\t\t\t\t<h1><span style=\"text-decoration: underline;\"><strong><span style=\"color: #000000; text-decoration: underline;\">DUOMEN\u0172 APSAUGA<br \/><\/span><\/strong><\/span><\/h1>\n<p><span style=\"color: #800000;\"><em><a style=\"color: #800000;\" href=\"https:\/\/www.avkc.lt\/wp-content\/uploads\/2018\/12\/AVKC%20asmens%20duomen%c5%b3%20tvarkymo%20taisykl%c4%97s.pdf\">AVKC ASMENS DUOMEN\u0172 TVARKYMO TAISYKL\u0116S PAGAL BDAR<\/a><\/em> <em><span style=\"color: #333333;\"><strong>(2018-12-21)<\/strong><\/span><\/em><\/span><\/p>\n<!-- wp:paragraph -->\n<p>\u00a0<\/p>\n<!-- \/wp:paragraph -->\t\t\t\t\t\t<\/div>\n\t\t\t\t<\/div>\n\t\t\t\t\t<\/div>\n\t\t<\/div>\n\t\t\t\t\t<\/div>\n\t\t<\/section>\n\t\t\t\t<\/div>","protected":false},"excerpt":{"rendered":"<p>DUOMEN\u0172 APSAUGA AVKC ASMENS DUOMEN\u0172 TVARKYMO TAISYKL\u0116S PAGAL BDAR (2018-12-21) \u00a0<\/p>","protected":false},"author":1,"featured_media":0,"parent":0,"menu_order":0,"comment_status":"closed","ping_status":"closed","template":"elementor_header_footer","meta":{"_eb_attr":"","om_disable_all_campaigns":false,"_monsterinsights_skip_tracking":false,"_monsterinsights_sitenote_active":false,"_monsterinsights_sitenote_note":"","_monsterinsights_sitenote_category":0,"footnotes":""},"_links":{"self":[{"href":"https:\/\/avkc.lt\/en\/wp-json\/wp\/v2\/pages\/10922"}],"collection":[{"href":"https:\/\/avkc.lt\/en\/wp-json\/wp\/v2\/pages"}],"about":[{"href":"https:\/\/avkc.lt\/en\/wp-json\/wp\/v2\/types\/page"}],"author":[{"embeddable":true,"href":"https:\/\/avkc.lt\/en\/wp-json\/wp\/v2\/users\/1"}],"replies":[{"embeddable":true,"href":"https:\/\/avkc.lt\/en\/wp-json\/wp\/v2\/comments?post=10922"}],"version-history":[{"count":4,"href":"https:\/\/avkc.lt\/en\/wp-json\/wp\/v2\/pages\/10922\/revisions"}],"predecessor-version":[{"id":10926,"href":"https:\/\/avkc.lt\/en\/wp-json\/wp\/v2\/pages\/10922\/revisions\/10926"}],"wp:attachment":[{"href":"https:\/\/avkc.lt\/en\/wp-json\/wp\/v2\/media?parent=10922"}],"curies":[{"name":"wp","href":"https:\/\/api.w.org\/{rel}","templated":true}]}}