{"id":4437,"date":"2020-08-27T10:22:16","date_gmt":"2020-08-27T07:22:16","guid":{"rendered":"https:\/\/www.avkc.lt\/?page_id=4437"},"modified":"2021-10-14T09:14:24","modified_gmt":"2021-10-14T06:14:24","slug":"food-technologies-digitalization-lt-cluster","status":"publish","type":"page","link":"https:\/\/avkc.lt\/en\/food-technologies-digitalization-lt-cluster\/","title":{"rendered":"Food Technologies Digitalization LT Cluster"},"content":{"rendered":"<p><img fetchpriority=\"high\" decoding=\"async\" class=\"wp-image-4454 aligncenter\" src=\"https:\/\/www.avkc.lt\/wp-content\/uploads\/2020\/08\/FTD_LT_LOGO-02-2.png\" alt=\"\" width=\"391\" height=\"230\" srcset=\"https:\/\/avkc.lt\/wp-content\/uploads\/2020\/08\/FTD_LT_LOGO-02-2.png 665w, https:\/\/avkc.lt\/wp-content\/uploads\/2020\/08\/FTD_LT_LOGO-02-2-300x176.png 300w, https:\/\/avkc.lt\/wp-content\/uploads\/2020\/08\/FTD_LT_LOGO-02-2-631x371.png 631w\" sizes=\"(max-width: 391px) 100vw, 391px\" \/><\/p>\n\n\n<div class=\"wp-block-columns is-layout-flex wp-container-core-columns-is-layout-1 wp-block-columns-is-layout-flex\">\n<div class=\"wp-block-column is-layout-flow wp-block-column-is-layout-flow\">\n<h2><span style=\"color: #000000;\"><strong>About FTD LT<\/strong><\/span><\/h2>\n<h4><span style=\"color: #000000;\"><strong>Cluster established in 2019, currently unites over 11 leading companies of the:<\/strong><\/span><\/h4>\n<ul>\n<li><span style=\"color: #000000;\"><strong>Machinery industry for food industry related sectors;<\/strong><\/span><\/li>\n<li><span style=\"color: #000000;\"><strong>Metal and machinery industry sector;<\/strong><\/span><\/li>\n<li><span style=\"color: #000000;\"><strong>Food Engineering sector;<\/strong><\/span><\/li>\n<li><span style=\"color: #000000;\"><strong>Transport means for transporting liquid food products sector;<\/strong><\/span><\/li>\n<li><span style=\"color: #000000;\"><strong>Dairies;<\/strong><\/span><\/li>\n<li><span style=\"color: #000000;\"><strong>Vegetable oil processing companies;<\/strong><\/span><\/li>\n<li><span style=\"color: #000000;\"><strong>Apple juice producer\u2019s sector;<\/strong><\/span><\/li>\n<li><span style=\"color: #000000;\"><strong>Apple\u2018s cultivating agriculture companies.<\/strong><\/span><\/li>\n<\/ul>\n<\/div>\n\n\n\n<div class=\"wp-block-column is-layout-flow wp-block-column-is-layout-flow\">\n<h2><span style=\"color: #000000;\"><u><b>Main activities<\/b><\/u><\/span><\/h2>\n<h4><strong><span style=\"color: #000000;\"> 1. R&amp;D activities in food technology development related to liquids as:<\/span><\/strong><\/h4>\n<ul>\n<li><strong><span style=\"color: #000000;\">milk,<\/span><\/strong><\/li>\n<li><strong><span style=\"color: #000000;\">soft drinks, <\/span><\/strong><\/li>\n<li><strong><span style=\"color: #000000;\">juices,<\/span><\/strong><\/li>\n<li><strong><span style=\"color: #000000;\">vegetable oils, <\/span><\/strong><\/li>\n<li><strong><span style=\"color: #000000;\">chocolate, etc.<\/span><\/strong><\/li>\n<\/ul>\n<h4><strong><span style=\"color: #000000;\">2. R&amp;D activities in food technology development related bulky products as:<\/span><\/strong><\/h4>\n<ul>\n<li><strong><span style=\"color: #000000;\">cereal flakes,<\/span><\/strong><\/li>\n<li><strong><span style=\"color: #000000;\">flour,<\/span><\/strong><\/li>\n<li><strong><span style=\"color: #000000;\">pasta, <\/span><\/strong><\/li>\n<li><strong><span style=\"color: #000000;\">dry milk proteins, <\/span><\/strong><\/li>\n<li><strong><span style=\"color: #000000;\">whey proteins,<\/span><\/strong><\/li>\n<li><strong><span style=\"color: #000000;\">promising sweeteners, xylitol, groats, etc.<\/span><\/strong><\/li>\n<\/ul>\n<h4><span style=\"color: #000000;\"><strong>3. Training for cluster members.<\/strong><\/span><\/h4>\n<\/div>\n\n\n\n<div class=\"wp-block-column is-layout-flow wp-block-column-is-layout-flow\">\n<h2><span style=\"color: #000000;\"><u><b>What are we looking for<\/b><\/u><\/span><\/h2>\n<p><span style=\"color: #000000;\"><strong>1. Digitization of new technologies of food industry on the principles of \u201eIndustry 4.0\u201c;<\/strong><\/span><br><span style=\"color: #000000;\"><strong>2. International markets and networks;<\/strong><\/span><br><span style=\"color: #000000;\"><strong>3. New solutions for the safe transportation of liquid foods by road while maintaining strict thermal modes;<\/strong><\/span><br><span style=\"color: #000000;\"><strong>4. Cooperation in R&amp;D&amp;I projects; <\/strong><\/span><br><span style=\"color: #000000;\"><strong>5. Cooperation in EU projects.<\/strong> <\/span><\/p>\n\n\n\n<p><\/p>\n<\/div>\n<\/div>\n\n\n\n<hr class=\"wp-block-separator has-text-color has-background has-vivid-cyan-blue-background-color has-vivid-cyan-blue-color is-style-default\"\/>\n\n\n\n<div class=\"wp-block-columns is-layout-flex wp-container-core-columns-is-layout-2 wp-block-columns-is-layout-flex\">\n<div class=\"wp-block-column is-layout-flow wp-block-column-is-layout-flow\">\n<p><img decoding=\"async\" class=\"wp-image-4459 alignleft\" src=\"https:\/\/www.avkc.lt\/wp-content\/uploads\/2020\/08\/Liesionis_ASTRA.png\" alt=\"\" width=\"235\" height=\"213\" srcset=\"https:\/\/avkc.lt\/wp-content\/uploads\/2020\/08\/Liesionis_ASTRA.png 461w, https:\/\/avkc.lt\/wp-content\/uploads\/2020\/08\/Liesionis_ASTRA-300x272.png 300w\" sizes=\"(max-width: 235px) 100vw, 235px\" \/><\/p>\n<p><em><span style=\"color: #000000;\"><strong>Chairman of the Board<\/strong><\/span><\/em><br \/><span style=\"color: #000000;\"><strong>PhD. Vaidas Liesionis<\/strong><\/span><br \/><span style=\"color: #000000;\"><strong>+370 687 56780<\/strong><\/span><br \/><a href=\"mailto:vaidas@astra.lt\"><span style=\"color: #0000ff;\"><strong>vaidas@astra.lt; <\/strong><\/span><\/a><a href=\"mailto:vaidas@ftd.lt\"><span style=\"color: #0000ff;\"><strong>vaidas@ftd.lt;<\/strong><\/span><\/a><span style=\"color: #0000ff;\"><strong><br \/><span style=\"color: #0000ff;\"><a style=\"color: #0000ff;\" href=\"https:\/\/www.ftd.lt\">www.ftd.lt<\/a><\/span><\/strong><\/span><\/p>\n\n\n\n<p><\/p>\n<\/div>\n\n\n\n<div class=\"wp-block-column is-layout-flow wp-block-column-is-layout-flow\">\n<p><em><strong><img decoding=\"async\" class=\"wp-image-4460 alignleft\" src=\"https:\/\/www.avkc.lt\/wp-content\/uploads\/2020\/08\/Direktore-LSDP.jpg\" alt=\"\" width=\"171\" height=\"213\" srcset=\"https:\/\/avkc.lt\/wp-content\/uploads\/2020\/08\/Direktore-LSDP.jpg 810w, https:\/\/avkc.lt\/wp-content\/uploads\/2020\/08\/Direktore-LSDP-240x300.jpg 240w, https:\/\/avkc.lt\/wp-content\/uploads\/2020\/08\/Direktore-LSDP-768x959.jpg 768w, https:\/\/avkc.lt\/wp-content\/uploads\/2020\/08\/Direktore-LSDP-631x788.jpg 631w\" sizes=\"(max-width: 171px) 100vw, 171px\" \/><\/strong><\/em><\/p>\n<p><span style=\"color: #000000;\"><em><strong>FTD LT Cluster Coordinator<\/strong><\/em><\/span><br \/><span style=\"color: #000000;\"><strong>Algimanta \u0160\u010diglinskien\u0117<\/strong><\/span><br \/><span style=\"color: #000000;\"><strong>+370 652 81500<\/strong><\/span><br \/><span style=\"color: #0000ff;\"><strong>direktore@avkc.lt; <span style=\"color: #0000ff;\"><a style=\"color: #0000ff;\" href=\"mailto:algimanta@ftd.lt\">algimanta@ftd.lt; <\/a><a href=\"https:\/\/www.ftd.lt\"><span style=\"color: #0000ff;\">www.ftd.lt<\/span><\/a><\/span><\/strong><\/span><br \/><span style=\"color: #0000ff;\"><a style=\"color: #0000ff;\" href=\"http:\/\/klaster.lt\/klateris\/ftdlt\/\"><strong>http:\/\/klaster.lt\/klateris\/ftdlt\/<\/strong><\/a><\/span><\/p>\n<\/div>\n<\/div>","protected":false},"excerpt":{"rendered":"<p>About FTD LT Cluster established in 2019, currently unites over 11 leading companies of the: Machinery industry for food industry related sectors; Metal and machinery industry sector; Food Engineering sector; Transport means for transporting liquid food products sector; Dairies; Vegetable oil processing companies; Apple juice producer\u2019s sector; Apple\u2018s cultivating agriculture companies. Main activities 1. R&amp;D activities in food technology development related to liquids as: milk, soft drinks, juices, vegetable oils,&hellip; <\/p>","protected":false},"author":1,"featured_media":0,"parent":0,"menu_order":0,"comment_status":"closed","ping_status":"closed","template":"","meta":{"_eb_attr":"","om_disable_all_campaigns":false,"_monsterinsights_skip_tracking":false,"_monsterinsights_sitenote_active":false,"_monsterinsights_sitenote_note":"","_monsterinsights_sitenote_category":0,"footnotes":""},"_links":{"self":[{"href":"https:\/\/avkc.lt\/en\/wp-json\/wp\/v2\/pages\/4437"}],"collection":[{"href":"https:\/\/avkc.lt\/en\/wp-json\/wp\/v2\/pages"}],"about":[{"href":"https:\/\/avkc.lt\/en\/wp-json\/wp\/v2\/types\/page"}],"author":[{"embeddable":true,"href":"https:\/\/avkc.lt\/en\/wp-json\/wp\/v2\/users\/1"}],"replies":[{"embeddable":true,"href":"https:\/\/avkc.lt\/en\/wp-json\/wp\/v2\/comments?post=4437"}],"version-history":[{"count":12,"href":"https:\/\/avkc.lt\/en\/wp-json\/wp\/v2\/pages\/4437\/revisions"}],"predecessor-version":[{"id":6393,"href":"https:\/\/avkc.lt\/en\/wp-json\/wp\/v2\/pages\/4437\/revisions\/6393"}],"wp:attachment":[{"href":"https:\/\/avkc.lt\/en\/wp-json\/wp\/v2\/media?parent=4437"}],"curies":[{"name":"wp","href":"https:\/\/api.w.org\/{rel}","templated":true}]}}