{"id":487,"date":"2017-05-06T18:45:28","date_gmt":"2017-05-06T20:45:28","guid":{"rendered":"http:\/\/avkc.lt\/naujas\/unknown\/?page_id=487"},"modified":"2020-09-18T08:10:33","modified_gmt":"2020-09-18T05:10:33","slug":"about-alytus-bac","status":"publish","type":"page","link":"https:\/\/avkc.lt\/en\/about-alytus-bac\/","title":{"rendered":"About Alytus BAC"},"content":{"rendered":"<h2>History<\/h2>\n<p><img decoding=\"async\" class=\"alignnone\" src=\"https:\/\/www.avkc.lt\/wp-content\/uploads\/2017\/09\/vad.png\" width=\"183\" height=\"252\" \/><\/p>\n<p><strong>Algimanta \u0160\u010diglinskien\u0117<\/strong>, Alytus Business Advisory Center Director<\/p>\n<p>Alytus Business Advisory Centre (AVKC) \u2013 this is the first Business Advisory Centre in Lithuania is registered on 1993-05-13. as a non-profit organization, which later re-registered as a public institution.<\/p>\n<p>Alytus Business Advisory Center\u2019s mission \u2013 to promote and develop small and medium-sized businesses, providing business training, counseling, information, new business development initiatives in the development and implementation of networking development in Alytus region.<\/p>\n<p>Alytus Business Advisory Centre \u2013 Alytus Regional Development Strategy participant in international development cooperation in regional development with the Swedish Jonkompingo County, Poland, Denmark, Hungary, Italy regional authorities, Ministry of existing business development agencies, Alytus county municipalities and associated structures of the initiator, Alytus Region Entrepreneurs Association founder (1995 *), Alytus region Accountants Association founder (2007-10-24).<\/p>\n<p>Alytus Business Advisory Centre \u2013 Mutual assistance and cooperation network \u201cSPBT\u201d originator, including training organizations \/ businesses \/ business support and employment services. \u201cSPBT\u201d agreement signed 2005-06-01. Co-operation is designed to develop information portal www.medienospartneriai.lt. Also developed in Alytus city\u2019s creative industries map will help draw the attention of politicians and businessmen in the potential of the development of the city of Alytus provide new stage of development. In the mutual assistance and cooperation between network development, the development of wood-cluster model. Knowledge \u2013 Skills \u2013 product Implementation is also associated with the development of the city of Alytus perspective, the introduction of new training programs adapted to market needs by developing new competencies and quality of the new product.<\/p>\n<p><strong>Alytus VKC provides these services:<\/strong><\/p>\n<ul>\n<li>Organizing trainings in such themes: starting a business, planning, marketing, management, business accounting standards, finance,<\/li>\n<li>Organizing seminars on issues of business: finance, accounting, tax, employment law and health and safety, corporate legal matters;<\/li>\n<li>Projects planning, implementation, administration (national, EU projects, business commercial projects);<\/li>\n<li>Business plans;<\/li>\n<li>Restructuring of companies legal documents and projects, companies reorganization;<\/li>\n<li>Company job descriptions and work rules for conducting business documents.<\/li>\n<li>Web sites development, maintenance and hosting information portal www.medienospartneriai.lt;<\/li>\n<li>Income and property declaration<\/li>\n<\/ul>\n<p><br class=\"Apple-interchange-newline\" \/><img decoding=\"async\" src=\"https:\/\/www.avkc.lt\/wp-content\/uploads\/2017\/07\/Naujas_AVKC.jpg\" alt=\"Naujas_AVKC.jpg\" \/> <img decoding=\"async\" src=\"https:\/\/www.avkc.lt\/wp-content\/uploads\/2017\/07\/JSG_sveikinimas.jpg\" alt=\"JSG_sveikinimas.jpg\" \/> <img decoding=\"async\" src=\"https:\/\/www.avkc.lt\/wp-content\/uploads\/2017\/07\/DnBNORD.jpg\" alt=\"DnBNORD.jpg\" \/><\/p>\n<p><img decoding=\"async\" src=\"https:\/\/www.avkc.lt\/wp-content\/uploads\/2017\/07\/Direktores_sveikinimas.jpg\" alt=\"Direktores_sveikinimas.jpg\" \/> <img decoding=\"async\" src=\"https:\/\/www.avkc.lt\/wp-content\/uploads\/2017\/07\/Spaustuves_sveikinimas.jpg\" alt=\"Spaustuves_sveikinimas.jpg\" \/> <img decoding=\"async\" src=\"https:\/\/www.avkc.lt\/wp-content\/uploads\/2017\/07\/Padeka_remejams.jpg\" alt=\"Padeka_remejams.jpg\" \/><\/p>\n<p>Thank you to our sponsors: Alytus city municipality Alytus Labour Market Training Centre, JSC \u201cDUSMEN\u0116LIAI\u201d, JSC Jundos Joinery, JSC and Co-output, JSC \u201cATEA\u201d, LLC Alytaus Hronas, JSC \u201cGrinduva\u201d, JSC \u201cPaulemas\u201d, AB Astra, LLC Alytaus news, DNB Bank.<\/p>\n<p>Our main customers: AB \u201cRST\u201d, JSC \u201cAstra\u201d, JSC \u201cLisiplast\u201d, UAB Skirnuva, JSC Skirlita, JSC Stamita, JSC \u201cAlseka\u201d, JSC \u201cWeather vane\u201d, JSC \u201cSnowflake\u201d JSC \u201d Vita Baltic International\u201d, LLC Litesko, LLC \u201cMarisa\u201d, JSC \u201cCards\u201d, JSC \u201cGrinduva\u201d, JSC \u201cGold\u201d, JSC \u201cKoslita\u201d, LLC \u201cDz\u016bkijos vandenys\u201d, JSC \u201cMurena\u201d, JSC \u201cAlkesta\u201d, LLC Alytaus ceramics, JSC \u201cDz\u016btra\u201d, JSC Ordo, LLC \u201cTermosnaig\u0117 \u201c, JSC \u201cThree Lilies\u201d, JSC \u201cBatching\u201d, JSC \u201cStoraEnso\u201d, JSC &#8220;Jundos stali\u0173 gaminiai&#8221;, LLC Dainava and so on.<\/p>\n<h2>Organization status<\/h2>\n<p><img decoding=\"async\" src=\"https:\/\/www.avkc.lt\/wp-content\/uploads\/2017\/07\/Schema.jpg\" alt=\"Schema.jpg\" \/><\/p>","protected":false},"excerpt":{"rendered":"<p>History Algimanta \u0160\u010diglinskien\u0117, Alytus Business Advisory Center Director Alytus Business Advisory Centre (AVKC) \u2013 this is the first Business Advisory Centre in Lithuania is registered on 1993-05-13. as a non-profit organization, which later re-registered as a public institution. Alytus Business Advisory Center\u2019s mission \u2013 to promote and develop small and medium-sized businesses, providing business training, counseling, information, new business development initiatives in the development and implementation of networking development in&hellip; <\/p>","protected":false},"author":1,"featured_media":0,"parent":0,"menu_order":5,"comment_status":"closed","ping_status":"closed","template":"","meta":{"_eb_attr":"","om_disable_all_campaigns":false,"_monsterinsights_skip_tracking":false,"_monsterinsights_sitenote_active":false,"_monsterinsights_sitenote_note":"","_monsterinsights_sitenote_category":0,"footnotes":""},"_links":{"self":[{"href":"https:\/\/avkc.lt\/en\/wp-json\/wp\/v2\/pages\/487"}],"collection":[{"href":"https:\/\/avkc.lt\/en\/wp-json\/wp\/v2\/pages"}],"about":[{"href":"https:\/\/avkc.lt\/en\/wp-json\/wp\/v2\/types\/page"}],"author":[{"embeddable":true,"href":"https:\/\/avkc.lt\/en\/wp-json\/wp\/v2\/users\/1"}],"replies":[{"embeddable":true,"href":"https:\/\/avkc.lt\/en\/wp-json\/wp\/v2\/comments?post=487"}],"version-history":[{"count":10,"href":"https:\/\/avkc.lt\/en\/wp-json\/wp\/v2\/pages\/487\/revisions"}],"predecessor-version":[{"id":4707,"href":"https:\/\/avkc.lt\/en\/wp-json\/wp\/v2\/pages\/487\/revisions\/4707"}],"wp:attachment":[{"href":"https:\/\/avkc.lt\/en\/wp-json\/wp\/v2\/media?parent=487"}],"curies":[{"name":"wp","href":"https:\/\/api.w.org\/{rel}","templated":true}]}}