{"id":544,"date":"2017-05-10T07:16:09","date_gmt":"2017-05-10T09:16:09","guid":{"rendered":"http:\/\/avkc.lt\/naujas\/unknown\/?page_id=544"},"modified":"2022-10-06T10:19:46","modified_gmt":"2022-10-06T07:19:46","slug":"employees","status":"publish","type":"page","link":"https:\/\/avkc.lt\/en\/about-alytus-bac\/employees\/","title":{"rendered":"Employees"},"content":{"rendered":"<div data-elementor-type=\"wp-page\" data-elementor-id=\"544\" class=\"elementor elementor-544\">\n\t\t\t\t\t\t<section class=\"elementor-section elementor-top-section elementor-element elementor-element-49cb8c2 elementor-section-boxed elementor-section-height-default elementor-section-height-default\" data-id=\"49cb8c2\" data-element_type=\"section\" data-settings=\"{&quot;_ha_eqh_enable&quot;:false}\">\n\t\t\t\t\t\t<div class=\"elementor-container elementor-column-gap-default\">\n\t\t\t\t\t<div class=\"elementor-column elementor-col-100 elementor-top-column elementor-element elementor-element-458e0e49\" data-id=\"458e0e49\" data-element_type=\"column\">\n\t\t\t<div class=\"elementor-widget-wrap elementor-element-populated\">\n\t\t\t\t\t\t<div class=\"elementor-element elementor-element-2517edac elementor-widget elementor-widget-text-editor\" data-id=\"2517edac\" data-element_type=\"widget\" data-widget_type=\"text-editor.default\">\n\t\t\t\t<div class=\"elementor-widget-container\">\n\t\t\t<style>\/*! elementor - v3.21.0 - 30-04-2024 *\/\n.elementor-widget-text-editor.elementor-drop-cap-view-stacked .elementor-drop-cap{background-color:#69727d;color:#fff}.elementor-widget-text-editor.elementor-drop-cap-view-framed .elementor-drop-cap{color:#69727d;border:3px solid;background-color:transparent}.elementor-widget-text-editor:not(.elementor-drop-cap-view-default) .elementor-drop-cap{margin-top:8px}.elementor-widget-text-editor:not(.elementor-drop-cap-view-default) .elementor-drop-cap-letter{width:1em;height:1em}.elementor-widget-text-editor .elementor-drop-cap{float:left;text-align:center;line-height:1;font-size:50px}.elementor-widget-text-editor .elementor-drop-cap-letter{display:inline-block}<\/style>\t\t\t\t<div class=\"wp-block-columns\"><div class=\"wp-block-column\"><img decoding=\"async\" class=\"alignnone size-full wp-image-7334\" src=\"https:\/\/www.avkc.lt\/wp-content\/uploads\/2022\/10\/direktore-photo-edited.png\" alt=\"Algimanta \u0160\u010diglinskien\u0117\" width=\"173\" height=\"223\" \/><\/div><\/div><div><strong><span style=\"color: #000000;\">ALGIMANTA \u0160\u010cIGLINSKIEN\u0116 &#8211; Director and Projects Manager<\/span><\/strong><\/div><div>\u00a0<\/div><ul><li><span style=\"color: #000000;\">The business start-up and development consultancy: business support, sources of finance, project management;<\/span><\/li><li><span style=\"color: #000000;\">Development of conference and seminar programs;<\/span><\/li><li><span style=\"color: #000000;\">Development of training programs;<\/span><\/li><li><span style=\"color: #000000;\">Development and management of international projects;<\/span><\/li><li><span style=\"color: #000000;\">Cluster development and management:: <a href=\"http:\/\/www.ftd.lt\">www.ftd.lt<\/a><\/span><\/li><\/ul><div>\u00a0<\/div><div><span style=\"color: #000000;\">Phone: +370 652 81500,\u00a0 +370 315 74357<\/span><br \/><span style=\"color: #000000;\">E-Mail: <a href=\"mailto:direktore@avkc.lt\">direktore@avkc.lt<\/a><\/span><\/div><div>\u00a0<\/div><div><div class=\"wp-block-columns\"><div class=\"wp-block-column\"><img decoding=\"async\" class=\"alignnone wp-image-7339 size-full\" src=\"https:\/\/www.avkc.lt\/wp-content\/uploads\/2022\/10\/aida-photo-edited.png\" alt=\"\" width=\"173\" height=\"223\" \/><\/div><\/div><div><strong><span style=\"color: #000000;\">AIDA BARANAUSKAIT\u0116 &#8211; Accountant and Consultant<\/span><\/strong><\/div><div>\u00a0<\/div><ul><li><span style=\"color: #000000;\">&#8220;Virtual Office&#8221; services: letters; certificates; orders, acts, protocols, registration of outgoing and incoming letters;<\/span><\/li><li><span style=\"color: #000000;\">Company bookkeeping (program &#8220;Rivil\u0117&#8221;);<\/span><\/li><li><span style=\"color: #000000;\">Accounting and tax consultations;<\/span><\/li><li><span style=\"color: #000000;\">Employment contracts, preparation of employment records;<\/span><\/li><li><span style=\"color: #000000;\">Consultations on starting a business, choosing a legal form for a company;<\/span><\/li><li><span style=\"color: #000000;\">Preparation of legal documents for company formation and restructuring.<\/span><\/li><\/ul><div>\u00a0<\/div><div><span style=\"color: #000000;\">Phone: +370 862 50121, +370 315 74357<\/span><br \/><span style=\"color: #000000;\">E-Mail: <a href=\"mailto:buhalterija@avkc.lt\">buhalterija@avkc.lt<\/a><\/span><\/div><\/div><div>\u00a0<\/div><div><div class=\"wp-block-columns\"><div class=\"wp-block-column\"><img decoding=\"async\" class=\"alignnone wp-image-7340 size-full\" src=\"https:\/\/www.avkc.lt\/wp-content\/uploads\/2022\/10\/marketing-photo-edited.png\" alt=\"\" width=\"173\" height=\"223\" \/><\/div><\/div><div><strong><span style=\"color: #000000;\">ROKAS MASIONIS &#8211; Digital Marketing Specialist<\/span><\/strong><\/div><div>\u00a0<\/div><ul><li><span style=\"color: #000000;\">Logo design;<\/span><\/li><li><span style=\"color: #000000;\">Business cards design;<\/span><\/li><li><span style=\"color: #000000;\">Letterheads design;<\/span><\/li><li><span style=\"color: #000000;\">Promotional banners design;<\/span><\/li><li><span style=\"color: #000000;\">Promotional flyers, leaflets design;<\/span><\/li><li><span style=\"color: #000000;\">Creating visualizations for social networks and websites.<\/span><\/li><\/ul><div>\u00a0<\/div><div><span style=\"color: #000000;\">Mob.: +370 862 50121, Tel.: +370 315 74357<\/span><br \/><span style=\"color: #000000;\">El. pa\u0161tas: <a href=\"mailto:konsultantas@avkc.lt\">konsultantas@avkc.lt<\/a><\/span><\/div><\/div><div class=\"wp-block-column\">\u00a0<\/div><div><div class=\"wp-block-columns\"><div class=\"wp-block-column\"><img loading=\"lazy\" decoding=\"async\" class=\"alignnone wp-image-7344 size-full\" src=\"https:\/\/www.avkc.lt\/wp-content\/uploads\/2022\/10\/Ambrozevicius.png\" alt=\"\" width=\"173\" height=\"223\" \/><\/div><\/div><div><strong><span style=\"color: #000000;\">ROMUALDAS AMBRO\u017dEVI\u010cIUS &#8211; Consultant, volunteer<\/span><\/strong><\/div><ul><li><span style=\"color: #000000;\">Educational programs, business meetings;<\/span><\/li><li><span style=\"color: #000000;\">Organizing the &#8220;Raktas&#8221; business club activities.<\/span><\/li><\/ul><div><span style=\"color: #000000;\">Phone: +370 618 39098, +370 315 74357<\/span><br \/><span style=\"color: #000000;\">E-Mail: <a href=\"mailto:konsultantas2@avkc.lt\">konsultantas2@avkc.lt<\/a><\/span><\/div><\/div><div>\u00a0<\/div><p><strong><span style=\"color: #000000;\"><span style=\"color: #ff0000;\">LOOKING FOR<\/span> &#8211; Educational Projects Manager<\/span><\/strong><\/p><ul><li><span style=\"color: #000000;\">Organizing seminars &#8211; training;<\/span><\/li><li><span style=\"color: #000000;\">Educational project development and administration.<\/span><\/li><\/ul><div><span style=\"color: #000000;\">Phone: +370 862 50121, +370 315 74357<\/span><br \/><span style=\"color: #000000;\">E-Mail:: <a href=\"mailto:administratore@avkc.lt\">administratore@avkc.lt<\/a><\/span><\/div>\t\t\t\t\t\t<\/div>\n\t\t\t\t<\/div>\n\t\t\t\t\t<\/div>\n\t\t<\/div>\n\t\t\t\t\t<\/div>\n\t\t<\/section>\n\t\t\t\t<\/div>","protected":false},"excerpt":{"rendered":"<p>ALGIMANTA \u0160\u010cIGLINSKIEN\u0116 &#8211; Director and Projects Manager\u00a0 The business start-up and development consultancy: business support, sources of finance, project management; Development of conference and seminar programs; Development of training programs; Development and management of international projects; Cluster development and management:: www.ftd.lt \u00a0Phone: +370 652 81500,\u00a0 +370 315 74357E-Mail: direktore@avkc.lt\u00a0AIDA BARANAUSKAIT\u0116 &#8211; Accountant and Consultant\u00a0 &#8220;Virtual Office&#8221; services: letters; certificates; orders, acts, protocols, registration of outgoing and incoming letters; Company bookkeeping&hellip; <\/p>","protected":false},"author":1,"featured_media":0,"parent":487,"menu_order":0,"comment_status":"closed","ping_status":"closed","template":"","meta":{"_eb_attr":"","om_disable_all_campaigns":false,"_monsterinsights_skip_tracking":false,"_monsterinsights_sitenote_active":false,"_monsterinsights_sitenote_note":"","_monsterinsights_sitenote_category":0,"footnotes":""},"_links":{"self":[{"href":"https:\/\/avkc.lt\/en\/wp-json\/wp\/v2\/pages\/544"}],"collection":[{"href":"https:\/\/avkc.lt\/en\/wp-json\/wp\/v2\/pages"}],"about":[{"href":"https:\/\/avkc.lt\/en\/wp-json\/wp\/v2\/types\/page"}],"author":[{"embeddable":true,"href":"https:\/\/avkc.lt\/en\/wp-json\/wp\/v2\/users\/1"}],"replies":[{"embeddable":true,"href":"https:\/\/avkc.lt\/en\/wp-json\/wp\/v2\/comments?post=544"}],"version-history":[{"count":41,"href":"https:\/\/avkc.lt\/en\/wp-json\/wp\/v2\/pages\/544\/revisions"}],"predecessor-version":[{"id":7364,"href":"https:\/\/avkc.lt\/en\/wp-json\/wp\/v2\/pages\/544\/revisions\/7364"}],"up":[{"embeddable":true,"href":"https:\/\/avkc.lt\/en\/wp-json\/wp\/v2\/pages\/487"}],"wp:attachment":[{"href":"https:\/\/avkc.lt\/en\/wp-json\/wp\/v2\/media?parent=544"}],"curies":[{"name":"wp","href":"https:\/\/api.w.org\/{rel}","templated":true}]}}