{"id":935,"date":"2017-07-18T14:32:13","date_gmt":"2017-07-18T11:32:13","guid":{"rendered":"http:\/\/www.avkc.lt\/?page_id=935"},"modified":"2018-11-06T10:06:51","modified_gmt":"2018-11-06T07:06:51","slug":"project-interreg-v-a-lt-pl-1r-032","status":"publish","type":"page","link":"https:\/\/avkc.lt\/en\/project-interreg-v-a-lt-pl-1r-032\/","title":{"rendered":"Project INTERREG V A No. LT-PL-1R-032"},"content":{"rendered":"<h3><span style=\"color: #ff0000;\"><em><strong>INTERREG V A <\/strong><\/em><strong><em>No. LT-PL-1R-032\u00a0<\/em><\/strong><\/span><\/h3>\n<p><strong>\u201e<em>INCREASE COMPETITIVENESS OF THE PL-LT\u00a0 BORDERLINE THROUGH DEVELOPMENT OF CLUSTERING SERVICES\u201c\u00a0 \/EN\/<\/em><\/strong><\/p>\n<p><strong><em><a href=\"http:\/\/www.avkc.lt\/wp-content\/uploads\/2017\/07\/InComClus_Presentation-1.ppt\">Project presentation<\/a>\u00a0\u00a0\u00a0\u00a0\u00a0\u00a0\u00a0\u00a0\u00a0\u00a0\u00a0\u00a0 <\/em><a href=\"http:\/\/www.avkc.lt\/wp-content\/uploads\/2017\/07\/Mini-PROJEKTO-REZIUME-2017-EN-PL-GALUT.pdf\"><span style=\"color: #ff0000;\"><em>PROJECT SUMMARY<\/em><\/span><\/a><\/strong><\/p>\n<h3><strong>Duration: 2017 02 01 &#8211; 2018 01 31<\/strong><\/h3>\n<p>&nbsp;<\/p>\n<h5><span style=\"color: #000000;\"><em><strong>Moments of project opening conference in Bia\u0142ystok on March 22\/23,\u00a0 2017:<\/strong><\/em><\/span><\/h5>\n<p><img fetchpriority=\"high\" decoding=\"async\" class=\"alignnone wp-image-948\" src=\"http:\/\/www.avkc.lt\/wp-content\/uploads\/2017\/07\/rafal_Picture2-300x180.png\" alt=\"\" width=\"417\" height=\"250\" srcset=\"https:\/\/avkc.lt\/wp-content\/uploads\/2017\/07\/rafal_Picture2-300x180.png 300w, https:\/\/avkc.lt\/wp-content\/uploads\/2017\/07\/rafal_Picture2-631x379.png 631w, https:\/\/avkc.lt\/wp-content\/uploads\/2017\/07\/rafal_Picture2-768x462.png 768w, https:\/\/avkc.lt\/wp-content\/uploads\/2017\/07\/rafal_Picture2-1024x616.png 1024w, https:\/\/avkc.lt\/wp-content\/uploads\/2017\/07\/rafal_Picture2.png 1500w\" sizes=\"(max-width: 417px) 100vw, 417px\" \/><span style=\"color: #000000;\"><b>RAFAL G\u00d3LCZ &#8211;<\/b><b> <em>Chairman of the Board of \u00a0Foundation for the Development \u00a0of the Bialystok \u00a0University of \u00a0Technology<\/em><br \/>\n<\/b><\/span><\/p>\n<p><span style=\"color: #000000;\"><img decoding=\"async\" class=\"alignnone wp-image-951\" src=\"http:\/\/www.avkc.lt\/wp-content\/uploads\/2017\/07\/jucevi\u010dius_Picture2-300x183.jpg\" alt=\"\" width=\"415\" height=\"253\" srcset=\"https:\/\/avkc.lt\/wp-content\/uploads\/2017\/07\/jucevi\u010dius_Picture2-300x183.jpg 300w, https:\/\/avkc.lt\/wp-content\/uploads\/2017\/07\/jucevi\u010dius_Picture2-631x384.jpg 631w, https:\/\/avkc.lt\/wp-content\/uploads\/2017\/07\/jucevi\u010dius_Picture2-768x468.jpg 768w, https:\/\/avkc.lt\/wp-content\/uploads\/2017\/07\/jucevi\u010dius_Picture2-1024x624.jpg 1024w, https:\/\/avkc.lt\/wp-content\/uploads\/2017\/07\/jucevi\u010dius_Picture2.jpg 1500w\" sizes=\"(max-width: 415px) 100vw, 415px\" \/>\u00a0<\/span><strong><span style=\"color: #000000;\"> ROBERTAS JUCEVI\u010cIUS &#8211; Director of\u00a0 Business Strategy Institute, Lithuanian economist and manager, Doctor of social sciences<\/span><br \/>\n<\/strong><\/p>\n<p>&nbsp;<\/p>\n<p><img decoding=\"async\" class=\"wp-image-949\" src=\"http:\/\/www.avkc.lt\/wp-content\/uploads\/2017\/07\/Bialystok_Picture2-300x185.jpg\" alt=\"\" width=\"414\" height=\"255\" srcset=\"https:\/\/avkc.lt\/wp-content\/uploads\/2017\/07\/Bialystok_Picture2-300x185.jpg 300w, https:\/\/avkc.lt\/wp-content\/uploads\/2017\/07\/Bialystok_Picture2-631x390.jpg 631w, https:\/\/avkc.lt\/wp-content\/uploads\/2017\/07\/Bialystok_Picture2-768x474.jpg 768w, https:\/\/avkc.lt\/wp-content\/uploads\/2017\/07\/Bialystok_Picture2-1024x632.jpg 1024w, https:\/\/avkc.lt\/wp-content\/uploads\/2017\/07\/Bialystok_Picture2.jpg 1500w\" sizes=\"(max-width: 414px) 100vw, 414px\" \/><span style=\"color: #000000;\"><strong>A group picture<\/strong><\/span><\/p>\n<p>&nbsp;<\/p>\n<p><img loading=\"lazy\" decoding=\"async\" class=\"alignnone wp-image-960\" src=\"http:\/\/www.avkc.lt\/wp-content\/uploads\/2017\/07\/Picture2-300x213.png\" alt=\"\" width=\"411\" height=\"292\" srcset=\"https:\/\/avkc.lt\/wp-content\/uploads\/2017\/07\/Picture2-300x213.png 300w, https:\/\/avkc.lt\/wp-content\/uploads\/2017\/07\/Picture2-631x448.png 631w, https:\/\/avkc.lt\/wp-content\/uploads\/2017\/07\/Picture2-768x545.png 768w, https:\/\/avkc.lt\/wp-content\/uploads\/2017\/07\/Picture2-1024x726.png 1024w, https:\/\/avkc.lt\/wp-content\/uploads\/2017\/07\/Picture2.png 1504w\" sizes=\"(max-width: 411px) 100vw, 411px\" \/><span style=\"color: #000000;\"><strong>Press conference<\/strong><\/span><\/p>\n<p><img loading=\"lazy\" decoding=\"async\" class=\"alignnone wp-image-965\" src=\"http:\/\/www.avkc.lt\/wp-content\/uploads\/2017\/07\/As-pavargus-259x300.jpg\" alt=\"\" width=\"360\" height=\"417\" srcset=\"https:\/\/avkc.lt\/wp-content\/uploads\/2017\/07\/As-pavargus-259x300.jpg 259w, https:\/\/avkc.lt\/wp-content\/uploads\/2017\/07\/As-pavargus-631x731.jpg 631w, https:\/\/avkc.lt\/wp-content\/uploads\/2017\/07\/As-pavargus-768x890.jpg 768w, https:\/\/avkc.lt\/wp-content\/uploads\/2017\/07\/As-pavargus.jpg 863w\" sizes=\"(max-width: 360px) 100vw, 360px\" \/><span style=\"color: #000000;\"><strong><em>ALGIMANTA \u0160\u010cIGLINSKIEN\u0116 \u2013 Alytus BASC\u00a0 Director, National Project coordinator<\/em><\/strong><\/span><\/p>\n<p>______________________________________________________________________________________________________________________________________________________<\/p>\n<h3><span style=\"color: #000000;\"><strong><span class=\"\" lang=\"en\"><span class=\"\">MOMENTS OF PROJECT INTERREG V-A LT-PL-1R-032 CLOSING CONFERENCE:<\/span><\/span><\/strong><\/span><\/h3>\n<h3><span style=\"color: #000000;\"><strong><span class=\"\" lang=\"en\"><span class=\"\">During the conference, a letter of intent was signed for \u2013 COOPERATION <\/span><\/span><\/strong><strong>PLATFORM <\/strong><strong>FOR <\/strong><strong>IMPROVING QUALITY OF PROFESSIONAL TRAINING.<\/strong><\/span><\/h3>\n<p><img loading=\"lazy\" decoding=\"async\" class=\"alignnone wp-image-1646\" src=\"http:\/\/www.avkc.lt\/wp-content\/uploads\/2017\/12\/IMG_0111-300x137.jpg\" alt=\"\" width=\"582\" height=\"266\" srcset=\"https:\/\/avkc.lt\/wp-content\/uploads\/2017\/12\/IMG_0111-300x137.jpg 300w, https:\/\/avkc.lt\/wp-content\/uploads\/2017\/12\/IMG_0111-631x289.jpg 631w, https:\/\/avkc.lt\/wp-content\/uploads\/2017\/12\/IMG_0111-768x351.jpg 768w, https:\/\/avkc.lt\/wp-content\/uploads\/2017\/12\/IMG_0111-1024x468.jpg 1024w\" sizes=\"(max-width: 582px) 100vw, 582px\" \/> <img loading=\"lazy\" decoding=\"async\" class=\"alignnone wp-image-1647\" src=\"http:\/\/www.avkc.lt\/wp-content\/uploads\/2017\/12\/IMG_0118-300x199.jpg\" alt=\"\" width=\"583\" height=\"387\" srcset=\"https:\/\/avkc.lt\/wp-content\/uploads\/2017\/12\/IMG_0118-300x199.jpg 300w, https:\/\/avkc.lt\/wp-content\/uploads\/2017\/12\/IMG_0118-631x419.jpg 631w, https:\/\/avkc.lt\/wp-content\/uploads\/2017\/12\/IMG_0118-768x510.jpg 768w, https:\/\/avkc.lt\/wp-content\/uploads\/2017\/12\/IMG_0118-1024x680.jpg 1024w\" sizes=\"(max-width: 583px) 100vw, 583px\" \/> <img loading=\"lazy\" decoding=\"async\" class=\"alignnone wp-image-1648\" src=\"http:\/\/www.avkc.lt\/wp-content\/uploads\/2017\/12\/IMG_0121-300x194.jpg\" alt=\"\" width=\"582\" height=\"377\" srcset=\"https:\/\/avkc.lt\/wp-content\/uploads\/2017\/12\/IMG_0121-300x194.jpg 300w, https:\/\/avkc.lt\/wp-content\/uploads\/2017\/12\/IMG_0121-631x408.jpg 631w, https:\/\/avkc.lt\/wp-content\/uploads\/2017\/12\/IMG_0121-768x496.jpg 768w, https:\/\/avkc.lt\/wp-content\/uploads\/2017\/12\/IMG_0121-1024x662.jpg 1024w\" sizes=\"(max-width: 582px) 100vw, 582px\" \/><\/p>\n<h1><span style=\"color: #000000;\"><strong>MORE INFORMATION: <a href=\"http:\/\/www.avkc.lt\/en\/moments-of-project-interreg-v-a-lt-pl-1r-032-closing-conference\/\"><span style=\"color: #ff0000;\">HERE<\/span><\/a><\/strong><\/span><\/h1>\n<p>&nbsp;<\/p>\n<p>&nbsp;<\/p>","protected":false},"excerpt":{"rendered":"<p>INTERREG V A No. LT-PL-1R-032\u00a0 \u201eINCREASE COMPETITIVENESS OF THE PL-LT\u00a0 BORDERLINE THROUGH DEVELOPMENT OF CLUSTERING SERVICES\u201c\u00a0 \/EN\/ Project presentation\u00a0\u00a0\u00a0\u00a0\u00a0\u00a0\u00a0\u00a0\u00a0\u00a0\u00a0\u00a0 PROJECT SUMMARY Duration: 2017 02 01 &#8211; 2018 01 31 &nbsp; Moments of project opening conference in Bia\u0142ystok on March 22\/23,\u00a0 2017: RAFAL G\u00d3LCZ &#8211; Chairman of the Board of \u00a0Foundation for the Development \u00a0of the Bialystok \u00a0University of \u00a0Technology \u00a0 ROBERTAS JUCEVI\u010cIUS &#8211; Director of\u00a0 Business Strategy Institute, Lithuanian economist&hellip; <\/p>","protected":false},"author":1,"featured_media":0,"parent":0,"menu_order":1,"comment_status":"closed","ping_status":"closed","template":"","meta":{"_eb_attr":"","om_disable_all_campaigns":false,"_monsterinsights_skip_tracking":false,"_monsterinsights_sitenote_active":false,"_monsterinsights_sitenote_note":"","_monsterinsights_sitenote_category":0,"footnotes":""},"_links":{"self":[{"href":"https:\/\/avkc.lt\/en\/wp-json\/wp\/v2\/pages\/935"}],"collection":[{"href":"https:\/\/avkc.lt\/en\/wp-json\/wp\/v2\/pages"}],"about":[{"href":"https:\/\/avkc.lt\/en\/wp-json\/wp\/v2\/types\/page"}],"author":[{"embeddable":true,"href":"https:\/\/avkc.lt\/en\/wp-json\/wp\/v2\/users\/1"}],"replies":[{"embeddable":true,"href":"https:\/\/avkc.lt\/en\/wp-json\/wp\/v2\/comments?post=935"}],"version-history":[{"count":16,"href":"https:\/\/avkc.lt\/en\/wp-json\/wp\/v2\/pages\/935\/revisions"}],"predecessor-version":[{"id":2296,"href":"https:\/\/avkc.lt\/en\/wp-json\/wp\/v2\/pages\/935\/revisions\/2296"}],"wp:attachment":[{"href":"https:\/\/avkc.lt\/en\/wp-json\/wp\/v2\/media?parent=935"}],"curies":[{"name":"wp","href":"https:\/\/api.w.org\/{rel}","templated":true}]}}