{"id":9521,"date":"2023-12-18T11:29:13","date_gmt":"2023-12-18T08:29:13","guid":{"rendered":"https:\/\/www.avkc.lt\/?page_id=9521"},"modified":"2023-12-18T11:36:48","modified_gmt":"2023-12-18T08:36:48","slug":"project-digital-educational-platform-for-soft-skills-culture-of-labour-market","status":"publish","type":"page","link":"https:\/\/avkc.lt\/en\/project-digital-educational-platform-for-soft-skills-culture-of-labour-market\/","title":{"rendered":"Project &#8220;Digital Educational Platform for Soft Skills &#038; Culture of Labour Market&#8221;"},"content":{"rendered":"<div data-elementor-type=\"wp-page\" data-elementor-id=\"9521\" class=\"elementor elementor-9521\">\n\t\t\t\t\t\t<section class=\"elementor-section elementor-top-section elementor-element elementor-element-afa5876 elementor-section-boxed elementor-section-height-default elementor-section-height-default\" data-id=\"afa5876\" data-element_type=\"section\" data-settings=\"{&quot;_ha_eqh_enable&quot;:false}\">\n\t\t\t\t\t\t<div class=\"elementor-container elementor-column-gap-default\">\n\t\t\t\t\t<div class=\"elementor-column elementor-col-100 elementor-top-column elementor-element elementor-element-41d760f\" data-id=\"41d760f\" data-element_type=\"column\">\n\t\t\t<div class=\"elementor-widget-wrap elementor-element-populated\">\n\t\t\t\t\t\t<div class=\"elementor-element elementor-element-9a09a18 elementor-widget elementor-widget-image\" data-id=\"9a09a18\" data-element_type=\"widget\" data-widget_type=\"image.default\">\n\t\t\t\t<div class=\"elementor-widget-container\">\n\t\t\t<style>\/*! elementor - v3.21.0 - 30-04-2024 *\/\n.elementor-widget-image{text-align:center}.elementor-widget-image a{display:inline-block}.elementor-widget-image a img[src$=\".svg\"]{width:48px}.elementor-widget-image img{vertical-align:middle;display:inline-block}<\/style>\t\t\t\t\t\t\t\t\t\t<img decoding=\"async\" width=\"677\" height=\"44\" src=\"https:\/\/avkc.lt\/wp-content\/uploads\/2023\/06\/deps-skills-page-headeris.png\" class=\"attachment-large size-large wp-image-8882\" alt=\"\" srcset=\"https:\/\/avkc.lt\/wp-content\/uploads\/2023\/06\/deps-skills-page-headeris.png 777w, https:\/\/avkc.lt\/wp-content\/uploads\/2023\/06\/deps-skills-page-headeris-631x41.png 631w, https:\/\/avkc.lt\/wp-content\/uploads\/2023\/06\/deps-skills-page-headeris-300x19.png 300w, https:\/\/avkc.lt\/wp-content\/uploads\/2023\/06\/deps-skills-page-headeris-768x49.png 768w, https:\/\/avkc.lt\/wp-content\/uploads\/2023\/06\/deps-skills-page-headeris-18x1.png 18w\" sizes=\"(max-width: 677px) 100vw, 677px\" \/>\t\t\t\t\t\t\t\t\t\t\t\t\t<\/div>\n\t\t\t\t<\/div>\n\t\t\t\t\t<\/div>\n\t\t<\/div>\n\t\t\t\t\t<\/div>\n\t\t<\/section>\n\t\t\t\t<section class=\"elementor-section elementor-top-section elementor-element elementor-element-cdcc1aa elementor-section-boxed elementor-section-height-default elementor-section-height-default\" data-id=\"cdcc1aa\" data-element_type=\"section\" data-settings=\"{&quot;_ha_eqh_enable&quot;:false}\">\n\t\t\t\t\t\t<div class=\"elementor-container elementor-column-gap-default\">\n\t\t\t\t\t<div class=\"elementor-column elementor-col-100 elementor-top-column elementor-element elementor-element-307c950\" data-id=\"307c950\" data-element_type=\"column\">\n\t\t\t<div class=\"elementor-widget-wrap elementor-element-populated\">\n\t\t\t\t\t\t<div class=\"elementor-element elementor-element-d3cbd17 elementor-widget elementor-widget-text-editor\" data-id=\"d3cbd17\" data-element_type=\"widget\" data-widget_type=\"text-editor.default\">\n\t\t\t\t<div class=\"elementor-widget-container\">\n\t\t\t<style>\/*! elementor - v3.21.0 - 30-04-2024 *\/\n.elementor-widget-text-editor.elementor-drop-cap-view-stacked .elementor-drop-cap{background-color:#69727d;color:#fff}.elementor-widget-text-editor.elementor-drop-cap-view-framed .elementor-drop-cap{color:#69727d;border:3px solid;background-color:transparent}.elementor-widget-text-editor:not(.elementor-drop-cap-view-default) .elementor-drop-cap{margin-top:8px}.elementor-widget-text-editor:not(.elementor-drop-cap-view-default) .elementor-drop-cap-letter{width:1em;height:1em}.elementor-widget-text-editor .elementor-drop-cap{float:left;text-align:center;line-height:1;font-size:50px}.elementor-widget-text-editor .elementor-drop-cap-letter{display:inline-block}<\/style>\t\t\t\t<p style=\"text-align: center;\"><span style=\"color: #000000;\"><strong>International Erasmus+ KA2 program project<\/strong><\/span><br \/><span style=\"color: #000000;\"><strong>&#8220;Digital Educational Platform for Soft Skills &amp; Culture of Labour Market&#8221;<\/strong><\/span><br \/><span style=\"color: #000000;\"><strong>\/DEPS-Skills\/<\/strong><\/span><\/p>\t\t\t\t\t\t<\/div>\n\t\t\t\t<\/div>\n\t\t\t\t\t<\/div>\n\t\t<\/div>\n\t\t\t\t\t<\/div>\n\t\t<\/section>\n\t\t\t\t<section class=\"elementor-section elementor-top-section elementor-element elementor-element-dc3377f elementor-section-boxed elementor-section-height-default elementor-section-height-default\" data-id=\"dc3377f\" data-element_type=\"section\" data-settings=\"{&quot;_ha_eqh_enable&quot;:false}\">\n\t\t\t\t\t\t<div class=\"elementor-container elementor-column-gap-default\">\n\t\t\t\t\t<div class=\"elementor-column elementor-col-100 elementor-top-column elementor-element elementor-element-365c2f0\" data-id=\"365c2f0\" data-element_type=\"column\">\n\t\t\t<div class=\"elementor-widget-wrap elementor-element-populated\">\n\t\t\t\t\t\t<div class=\"elementor-element elementor-element-dd059bd elementor-widget elementor-widget-text-editor\" data-id=\"dd059bd\" data-element_type=\"widget\" data-widget_type=\"text-editor.default\">\n\t\t\t\t<div class=\"elementor-widget-container\">\n\t\t\t\t\t\t\t<p><span style=\"color: #000000;\">Alytus Business Advisory Centre invites you to participate in the activities of the international project <\/span><span style=\"color: #000000;\">\u201cDigital Educational Platform for Soft Skills and Labour Market Culture\u201d, which aims to build a digital <\/span><span style=\"color: #000000;\">framework for reverse migration, labour market culture and new competencies in the education sector.<\/span><\/p><p><span style=\"color: #000000;\">The project focuses on adult education, cultural identity of the labour market, adaptation of return migration to <\/span><span style=\"color: #000000;\">the labour market, and the development of soft skills digital training with a dedicated educational platform.<\/span><br \/><i><span style=\"color: #000000;\">Success in the labour market depends on workers with the right skills. The COVID-19 pandemic has further <\/span><span style=\"color: #000000;\">increased the need to retrain and upskill the workforce to adapt to a changing environment. For example, <\/span><span style=\"color: #000000;\">more than 90% of current jobs in almost all sectors require some level of digital skills, yet in 2019 only 56%\u00a0<\/span><span style=\"color: #000000;\">of adults had basic digital skills.<\/span><\/i><\/p><p><span style=\"color: #000000;\">These skills are known as general skills or basic skills, which are desirable in all occupations. These include: <\/span><span style=\"color: #000000;\">critical thinking, problem solving, public speaking, teamwork, digital literacy, leadership, professional <\/span><span style=\"color: #000000;\">attitude, professional ethics, career management and intercultural communication.<\/span><\/p><p><span style=\"color: #000000;\"><b>The project&#8217;s action plan is divided into three priorities:<\/b><\/span><br \/><span style=\"color: #000000;\">1. Using digital technologies for teaching and independent learning of SOFT SKILLS;<\/span><br \/><span style=\"color: #000000;\">2. Digital competencies training for the development of the SOFT SKILLS of adult educators;<\/span><br \/><span style=\"color: #000000;\">3. Access to adult education services through digitisation in a VIRTUAL LEARNING ENVIRONMENT.<\/span><br \/><span style=\"color: #000000;\"><strong>Project objective:<\/strong><\/span> <br \/><span style=\"color: #000000;\">1. To adapt and to use digital learning technologies and digital tools to develop soft skills for the successful integration of migrants into the labour market;<\/span><br \/><span style=\"color: #000000;\">2. Improving the digital literacy competences of adult education professionals to improve educational management in the non-formal education sector; <\/span><br \/><span style=\"color: #000000;\">3. Providing new adult education services through access to virtual learning environments.<\/span><br \/><strong><span style=\"color: #000000;\">Target groups:<\/span><\/strong><br \/><span style=\"color: #000000;\">1. Low-skilled adult learners \/migrants, their communities and refugees\/, staff of educational communities and associations working in the education sector; <\/span><br \/><span style=\"color: #000000;\">2. Adult educators for gender equality.<br \/>The target group of the project will include learners from all partner countries with primary education or who have dropped out of the education system and are returning to non-vocational forms of continuing learning<br \/>of their choice (formal, non-formal or informal).<\/span><br \/><span style=\"color: #000000;\"><strong>Products:<\/strong><\/span><br \/><span style=\"color: #000000;\">1. \u201eAnalysis of Soft Skills for the Integration of Cultural Identity into the Labour Market\u201c (3 languages LT, PL, EN). <\/span><br \/><span style=\"color: #000000;\">1) Emotional intelligence;<br \/>2) Negotiation and entrepreneurial skills;<br \/>3) Communication skills;<br \/>4) Professional ethics;<br \/>5) Career management;<br \/>6) Time management;<br \/>7) Digital literacy;<br \/>8) Critical thinking;<br \/>9) Creative problem solving;<br \/>10) Cultural intelligence and teamwork,<br \/><strong>which will include:<\/strong><\/span><br \/><span style=\"color: #000000;\">a) Learning\/training materials (NOTEBOOKS),<\/span><br \/><span style=\"color: #000000;\">b) An IT tool adapted with game elements,<\/span><br \/><span style=\"color: #000000;\">c) Self assessment tests.<\/span><br \/><span style=\"color: #000000;\"><b>3. \u201eDigital Soft Skills for Labour Market Cultures\u201c training programmes &#8211; <\/b>10 units of 40 academic hours each. (3 languages LT, PL, EN) . <\/span><br \/><span style=\"color: #000000;\"><b>4. \u201eDigital Open Online Course\u201c &#8211; DOOC &#8211; <\/b>160 academic hours to develop soft skills: Emotional<br \/>Intelligence; Negotiation and Entrepreneurial Skills; Communication Skills; Professional Ethics; Career Management; Time Management; Digital Literacy; Critical Thinking; Creative Problem-Solving; Cultural Intelligence; and Teamwork.<\/span><br \/><span style=\"color: #000000;\"><b>5. . \u201eDigital Educational Labs\u201c &#8211;<\/b> 5 forums organised in Lithuania, Poland, Ireland and Norway, focusing on 10 soft competences and the development and dissemination of career opportunities. <\/span><br \/><span style=\"color: #000000;\"><b><br \/>Results:<\/b><\/span><br \/><span style=\"color: #000000;\">1. New Adult Education services in the regions;<\/span><br \/><span style=\"color: #000000;\">2. Improved competencies of adult educators to deliver digital literacy services to more vulnerable groups <\/span><span style=\"color: #000000;\">(migrants, refugees, marginalised adult learners);<\/span><br \/><span style=\"color: #000000;\">3. A COMMON DIGITAL EDUCATIONAL PLATFORM \/ www.deps-skills.eu \/ to improve soft skills and<\/span><br \/><span style=\"color: #000000;\">labour market culture in a \/MOODLE\/ environment.<\/span><\/p><p><span style=\"color: #000000;\">The project will pay particular attention to encouraging and attracting communities from abroad to understand <\/span><span style=\"color: #000000;\">the cultural influences on the successful adaptation of MINORITIES to labour markets.<\/span> <br \/><span style=\"color: #000000;\"><br \/><strong>Project budget:<\/strong> \u20ac 250 000,00<br \/><strong>Project period:<\/strong> 31 December 2022 to 30 April 2025.<br \/><strong>Project partners:<\/strong> Alytus College (LT), Euroregionas Nemunas (PL), Rogaland Lithuanian Community (NO),<br \/>LABAS &#8211; Union of Lithuanian Individuals and Communities in Ireland (IRL).<br \/><\/span><\/p><p><span style=\"color: #000000;\"><strong>Project coordinator<\/strong><\/span><br \/><span style=\"color: #000000;\">Public Institution, Alytus Business Consultation Center \u00a0 \u00a0 \u00a0 \u00a0 \u00a0 \u00a0 \u00a0 \u00a0 \u00a0 \u00a0 \u00a0 \u00a0 \u00a0 \u00a0 \u00a0 \u00a0 \u00a0Director Algimanta \u0160\u010diglinskien\u0117<\/span><br \/><span style=\"color: #000000;\">S.Dariaus ir S.Gir\u0117no g. 2, LT-62137, Alytus<\/span><br \/><span style=\"color: #000000;\">+370 652 81500<\/span><br \/><span style=\"color: #000000;\">direktore@avkc.lt<\/span><br \/><span style=\"color: #000000;\">www.avkc.lt<\/span><br \/><span style=\"color: #000000;\">21\u2018th of April, 2023, Alytus, Lithuania<\/span><\/p>\t\t\t\t\t\t<\/div>\n\t\t\t\t<\/div>\n\t\t\t\t\t<\/div>\n\t\t<\/div>\n\t\t\t\t\t<\/div>\n\t\t<\/section>\n\t\t\t\t<section class=\"elementor-section elementor-top-section elementor-element elementor-element-9c79d97 elementor-section-boxed elementor-section-height-default elementor-section-height-default\" data-id=\"9c79d97\" data-element_type=\"section\" data-settings=\"{&quot;_ha_eqh_enable&quot;:false}\">\n\t\t\t\t\t\t<div class=\"elementor-container elementor-column-gap-default\">\n\t\t\t\t\t<div class=\"elementor-column elementor-col-100 elementor-top-column elementor-element elementor-element-e9a6ff4\" data-id=\"e9a6ff4\" data-element_type=\"column\">\n\t\t\t<div class=\"elementor-widget-wrap elementor-element-populated\">\n\t\t\t\t\t\t<div class=\"elementor-element elementor-element-b2be0f4 elementor-widget elementor-widget-image\" data-id=\"b2be0f4\" data-element_type=\"widget\" data-widget_type=\"image.default\">\n\t\t\t\t<div class=\"elementor-widget-container\">\n\t\t\t\t\t\t\t\t\t\t\t\t\t<img decoding=\"async\" width=\"677\" height=\"44\" src=\"https:\/\/avkc.lt\/wp-content\/uploads\/2023\/06\/deps-skills-page-footeris.png\" class=\"attachment-large size-large wp-image-8883\" alt=\"\" srcset=\"https:\/\/avkc.lt\/wp-content\/uploads\/2023\/06\/deps-skills-page-footeris.png 777w, https:\/\/avkc.lt\/wp-content\/uploads\/2023\/06\/deps-skills-page-footeris-631x41.png 631w, https:\/\/avkc.lt\/wp-content\/uploads\/2023\/06\/deps-skills-page-footeris-300x19.png 300w, https:\/\/avkc.lt\/wp-content\/uploads\/2023\/06\/deps-skills-page-footeris-768x49.png 768w, https:\/\/avkc.lt\/wp-content\/uploads\/2023\/06\/deps-skills-page-footeris-18x1.png 18w\" sizes=\"(max-width: 677px) 100vw, 677px\" \/>\t\t\t\t\t\t\t\t\t\t\t\t\t<\/div>\n\t\t\t\t<\/div>\n\t\t\t\t\t<\/div>\n\t\t<\/div>\n\t\t\t\t\t<\/div>\n\t\t<\/section>\n\t\t\t\t<section class=\"elementor-section elementor-top-section elementor-element elementor-element-67d7ba2 elementor-section-boxed elementor-section-height-default elementor-section-height-default\" data-id=\"67d7ba2\" data-element_type=\"section\" data-settings=\"{&quot;_ha_eqh_enable&quot;:false}\">\n\t\t\t\t\t\t<div class=\"elementor-container elementor-column-gap-default\">\n\t\t\t\t\t<div class=\"elementor-column elementor-col-100 elementor-top-column elementor-element elementor-element-f08a37b\" data-id=\"f08a37b\" data-element_type=\"column\">\n\t\t\t<div class=\"elementor-widget-wrap elementor-element-populated\">\n\t\t\t\t\t\t<div class=\"elementor-element elementor-element-16a34ec elementor-widget-divider--view-line_icon elementor-view-default elementor-widget-divider--element-align-center elementor-widget elementor-widget-divider\" data-id=\"16a34ec\" data-element_type=\"widget\" data-widget_type=\"divider.default\">\n\t\t\t\t<div class=\"elementor-widget-container\">\n\t\t\t<style>\/*! elementor - v3.21.0 - 30-04-2024 *\/\n.elementor-widget-divider{--divider-border-style:none;--divider-border-width:1px;--divider-color:#0c0d0e;--divider-icon-size:20px;--divider-element-spacing:10px;--divider-pattern-height:24px;--divider-pattern-size:20px;--divider-pattern-url:none;--divider-pattern-repeat:repeat-x}.elementor-widget-divider .elementor-divider{display:flex}.elementor-widget-divider .elementor-divider__text{font-size:15px;line-height:1;max-width:95%}.elementor-widget-divider .elementor-divider__element{margin:0 var(--divider-element-spacing);flex-shrink:0}.elementor-widget-divider .elementor-icon{font-size:var(--divider-icon-size)}.elementor-widget-divider .elementor-divider-separator{display:flex;margin:0;direction:ltr}.elementor-widget-divider--view-line_icon .elementor-divider-separator,.elementor-widget-divider--view-line_text .elementor-divider-separator{align-items:center}.elementor-widget-divider--view-line_icon .elementor-divider-separator:after,.elementor-widget-divider--view-line_icon .elementor-divider-separator:before,.elementor-widget-divider--view-line_text .elementor-divider-separator:after,.elementor-widget-divider--view-line_text .elementor-divider-separator:before{display:block;content:\"\";border-block-end:0;flex-grow:1;border-block-start:var(--divider-border-width) var(--divider-border-style) var(--divider-color)}.elementor-widget-divider--element-align-left .elementor-divider .elementor-divider-separator>.elementor-divider__svg:first-of-type{flex-grow:0;flex-shrink:100}.elementor-widget-divider--element-align-left .elementor-divider-separator:before{content:none}.elementor-widget-divider--element-align-left .elementor-divider__element{margin-left:0}.elementor-widget-divider--element-align-right .elementor-divider .elementor-divider-separator>.elementor-divider__svg:last-of-type{flex-grow:0;flex-shrink:100}.elementor-widget-divider--element-align-right .elementor-divider-separator:after{content:none}.elementor-widget-divider--element-align-right .elementor-divider__element{margin-right:0}.elementor-widget-divider--element-align-start .elementor-divider .elementor-divider-separator>.elementor-divider__svg:first-of-type{flex-grow:0;flex-shrink:100}.elementor-widget-divider--element-align-start .elementor-divider-separator:before{content:none}.elementor-widget-divider--element-align-start .elementor-divider__element{margin-inline-start:0}.elementor-widget-divider--element-align-end .elementor-divider .elementor-divider-separator>.elementor-divider__svg:last-of-type{flex-grow:0;flex-shrink:100}.elementor-widget-divider--element-align-end .elementor-divider-separator:after{content:none}.elementor-widget-divider--element-align-end .elementor-divider__element{margin-inline-end:0}.elementor-widget-divider:not(.elementor-widget-divider--view-line_text):not(.elementor-widget-divider--view-line_icon) .elementor-divider-separator{border-block-start:var(--divider-border-width) var(--divider-border-style) var(--divider-color)}.elementor-widget-divider--separator-type-pattern{--divider-border-style:none}.elementor-widget-divider--separator-type-pattern.elementor-widget-divider--view-line .elementor-divider-separator,.elementor-widget-divider--separator-type-pattern:not(.elementor-widget-divider--view-line) .elementor-divider-separator:after,.elementor-widget-divider--separator-type-pattern:not(.elementor-widget-divider--view-line) .elementor-divider-separator:before,.elementor-widget-divider--separator-type-pattern:not([class*=elementor-widget-divider--view]) .elementor-divider-separator{width:100%;min-height:var(--divider-pattern-height);-webkit-mask-size:var(--divider-pattern-size) 100%;mask-size:var(--divider-pattern-size) 100%;-webkit-mask-repeat:var(--divider-pattern-repeat);mask-repeat:var(--divider-pattern-repeat);background-color:var(--divider-color);-webkit-mask-image:var(--divider-pattern-url);mask-image:var(--divider-pattern-url)}.elementor-widget-divider--no-spacing{--divider-pattern-size:auto}.elementor-widget-divider--bg-round{--divider-pattern-repeat:round}.rtl .elementor-widget-divider .elementor-divider__text{direction:rtl}.e-con-inner>.elementor-widget-divider,.e-con>.elementor-widget-divider{width:var(--container-widget-width,100%);--flex-grow:var(--container-widget-flex-grow)}<\/style>\t\t<div class=\"elementor-divider\">\n\t\t\t<span class=\"elementor-divider-separator\">\n\t\t\t\t\t\t\t<div class=\"elementor-icon elementor-divider__element\">\n\t\t\t\t\t<i aria-hidden=\"true\" class=\"far fa-check-circle\"><\/i><\/div>\n\t\t\t\t\t\t<\/span>\n\t\t<\/div>\n\t\t\t\t<\/div>\n\t\t\t\t<\/div>\n\t\t\t\t\t<\/div>\n\t\t<\/div>\n\t\t\t\t\t<\/div>\n\t\t<\/section>\n\t\t\t\t<section class=\"elementor-section elementor-top-section elementor-element elementor-element-a66a7fe elementor-section-boxed elementor-section-height-default elementor-section-height-default\" data-id=\"a66a7fe\" data-element_type=\"section\" data-settings=\"{&quot;_ha_eqh_enable&quot;:false}\">\n\t\t\t\t\t\t<div class=\"elementor-container elementor-column-gap-default\">\n\t\t\t\t\t<div class=\"elementor-column elementor-col-100 elementor-top-column elementor-element elementor-element-97079ea\" data-id=\"97079ea\" data-element_type=\"column\">\n\t\t\t<div class=\"elementor-widget-wrap elementor-element-populated\">\n\t\t\t\t\t\t<div class=\"elementor-element elementor-element-4fc880b elementor-headline--style-highlight elementor-widget elementor-widget-animated-headline\" data-id=\"4fc880b\" data-element_type=\"widget\" data-settings=\"{&quot;highlighted_text&quot;:&quot;Read&quot;,&quot;highlight_iteration_delay&quot;:2000,&quot;headline_style&quot;:&quot;highlight&quot;,&quot;marker&quot;:&quot;circle&quot;,&quot;loop&quot;:&quot;yes&quot;,&quot;highlight_animation_duration&quot;:1200}\" data-widget_type=\"animated-headline.default\">\n\t\t\t\t<div class=\"elementor-widget-container\">\n\t\t\t<link rel=\"stylesheet\" href=\"https:\/\/avkc.lt\/wp-content\/plugins\/elementor-pro\/assets\/css\/widget-animated-headline.min.css\">\t\t<h6 class=\"elementor-headline\">\n\t\t\t\t<span class=\"elementor-headline-dynamic-wrapper elementor-headline-text-wrapper\">\n\t\t\t\t\t<span class=\"elementor-headline-dynamic-text elementor-headline-text-active\">Read<\/span>\n\t\t\t\t<\/span>\n\t\t\t\t\t<span class=\"elementor-headline-plain-text elementor-headline-text-wrapper\">all DEPS-Skills news and articles!<\/span>\n\t\t\t\t\t<\/h6>\n\t\t\t\t<\/div>\n\t\t\t\t<\/div>\n\t\t\t\t<div class=\"elementor-element elementor-element-9398043 elementor-align-center elementor-widget elementor-widget-button\" data-id=\"9398043\" data-element_type=\"widget\" data-widget_type=\"button.default\">\n\t\t\t\t<div class=\"elementor-widget-container\">\n\t\t\t\t\t<div class=\"elementor-button-wrapper\">\n\t\t\t<a class=\"elementor-button elementor-button-link elementor-size-sm\" href=\"https:\/\/www.avkc.lt\/lt\/category\/naujienos\/deps-skills-all\/\">\n\t\t\t\t\t\t<span class=\"elementor-button-content-wrapper\">\n\t\t\t\t\t\t\t\t\t<span class=\"elementor-button-text\">READ<\/span>\n\t\t\t\t\t<\/span>\n\t\t\t\t\t<\/a>\n\t\t<\/div>\n\t\t\t\t<\/div>\n\t\t\t\t<\/div>\n\t\t\t\t\t<\/div>\n\t\t<\/div>\n\t\t\t\t\t<\/div>\n\t\t<\/section>\n\t\t\t\t<\/div>","protected":false},"excerpt":{"rendered":"<p>International Erasmus+ KA2 program project&#8220;Digital Educational Platform for Soft Skills &amp; Culture of Labour Market&#8221;\/DEPS-Skills\/ Alytus Business Advisory Centre invites you to participate in the activities of the international project \u201cDigital Educational Platform for Soft Skills and Labour Market Culture\u201d, which aims to build a digital framework for reverse migration, labour market culture and new competencies in the education sector. The project focuses on adult education, cultural identity of the&hellip; <\/p>","protected":false},"author":1,"featured_media":0,"parent":0,"menu_order":0,"comment_status":"closed","ping_status":"closed","template":"","meta":{"_eb_attr":"","om_disable_all_campaigns":false,"_monsterinsights_skip_tracking":false,"_monsterinsights_sitenote_active":false,"_monsterinsights_sitenote_note":"","_monsterinsights_sitenote_category":0,"footnotes":""},"_links":{"self":[{"href":"https:\/\/avkc.lt\/en\/wp-json\/wp\/v2\/pages\/9521"}],"collection":[{"href":"https:\/\/avkc.lt\/en\/wp-json\/wp\/v2\/pages"}],"about":[{"href":"https:\/\/avkc.lt\/en\/wp-json\/wp\/v2\/types\/page"}],"author":[{"embeddable":true,"href":"https:\/\/avkc.lt\/en\/wp-json\/wp\/v2\/users\/1"}],"replies":[{"embeddable":true,"href":"https:\/\/avkc.lt\/en\/wp-json\/wp\/v2\/comments?post=9521"}],"version-history":[{"count":13,"href":"https:\/\/avkc.lt\/en\/wp-json\/wp\/v2\/pages\/9521\/revisions"}],"predecessor-version":[{"id":9537,"href":"https:\/\/avkc.lt\/en\/wp-json\/wp\/v2\/pages\/9521\/revisions\/9537"}],"wp:attachment":[{"href":"https:\/\/avkc.lt\/en\/wp-json\/wp\/v2\/media?parent=9521"}],"curies":[{"name":"wp","href":"https:\/\/api.w.org\/{rel}","templated":true}]}}